{"id":463,"date":"2020-03-09T21:00:34","date_gmt":"2020-03-09T21:00:34","guid":{"rendered":"https:\/\/tapislalonde.com\/?page_id=463"},"modified":"2020-03-10T16:07:47","modified_gmt":"2020-03-10T16:07:47","slug":"contact","status":"publish","type":"page","link":"https:\/\/tapislalonde.com\/fr\/contact\/","title":{"rendered":"Contact"},"content":{"rendered":"\t\t<div data-elementor-type=\"wp-post\" data-elementor-id=\"463\" class=\"elementor elementor-463 elementor-33\" data-elementor-settings=\"[]\">\n\t\t\t\t\t\t<div class=\"elementor-inner\">\n\t\t\t\t\t\t\t<div class=\"elementor-section-wrap\">\n\t\t\t\t\t\t\t<section class=\"elementor-section elementor-top-section elementor-element elementor-element-66518e7 elementor-section-full_width elementor-section-height-default elementor-section-height-default\" data-id=\"66518e7\" data-element_type=\"section\">\n\t\t\t\t\t\t<div class=\"elementor-container elementor-column-gap-no\">\n\t\t\t\t\t\t\t<div class=\"elementor-row\">\n\t\t\t\t\t<div class=\"elementor-column elementor-col-100 elementor-top-column elementor-element elementor-element-74be96f\" data-id=\"74be96f\" data-element_type=\"column\">\n\t\t\t<div class=\"elementor-column-wrap elementor-element-populated\">\n\t\t\t\t\t\t\t<div class=\"elementor-widget-wrap\">\n\t\t\t\t\t\t<div class=\"elementor-element elementor-element-d42be58 elementor-widget elementor-widget-google_maps\" data-id=\"d42be58\" data-element_type=\"widget\" data-widget_type=\"google_maps.default\">\n\t\t\t\t<div class=\"elementor-widget-container\">\n\t\t\t\t\t<div class=\"elementor-custom-embed\">\n\t\t\t<iframe frameborder=\"0\" scrolling=\"no\" marginheight=\"0\" marginwidth=\"0\"\n\t\t\t\t\tsrc=\"https:\/\/maps.google.com\/maps?q=Tapis%20H%20lalonde&#038;t=m&#038;z=14&#038;output=embed&#038;iwloc=near\"\n\t\t\t\t\ttitle=\"Tapis H lalonde\"\n\t\t\t\t\taria-label=\"Tapis H lalonde\"\n\t\t\t><\/iframe>\n\t\t<\/div>\n\t\t\t\t<\/div>\n\t\t\t\t<\/div>\n\t\t\t\t\t\t<\/div>\n\t\t\t\t\t<\/div>\n\t\t<\/div>\n\t\t\t\t\t\t\t\t<\/div>\n\t\t\t\t\t<\/div>\n\t\t<\/section>\n\t\t\t\t<section class=\"elementor-section elementor-top-section elementor-element elementor-element-78c8c6fc elementor-section-boxed elementor-section-height-default elementor-section-height-default\" data-id=\"78c8c6fc\" data-element_type=\"section\">\n\t\t\t\t\t\t<div class=\"elementor-container elementor-column-gap-default\">\n\t\t\t\t\t\t\t<div class=\"elementor-row\">\n\t\t\t\t\t<div class=\"elementor-column elementor-col-33 elementor-top-column elementor-element elementor-element-16798541 elementor-invisible\" data-id=\"16798541\" data-element_type=\"column\" data-settings=\"{&quot;animation&quot;:&quot;fadeIn&quot;}\">\n\t\t\t<div class=\"elementor-column-wrap elementor-element-populated\">\n\t\t\t\t\t\t\t<div class=\"elementor-widget-wrap\">\n\t\t\t\t\t\t<div class=\"elementor-element elementor-element-7b188e6d elementor-view-default elementor-position-top elementor-vertical-align-top elementor-widget elementor-widget-icon-box\" data-id=\"7b188e6d\" data-element_type=\"widget\" data-widget_type=\"icon-box.default\">\n\t\t\t\t<div class=\"elementor-widget-container\">\n\t\t\t\t\t<div class=\"elementor-icon-box-wrapper\">\n\t\t\t\t\t\t<div class=\"elementor-icon-box-icon\">\n\t\t\t\t<span class=\"elementor-icon elementor-animation-\" >\n\t\t\t\t<i aria-hidden=\"true\" class=\"fas fa-store\"><\/i>\t\t\t\t<\/span>\n\t\t\t<\/div>\n\t\t\t\t\t\t<div class=\"elementor-icon-box-content\">\n\t\t\t\t<h3 class=\"elementor-icon-box-title\">\n\t\t\t\t\t<span  >\n\t\t\t\t\t\tTROUVEZ-NOUS\t\t\t\t\t<\/span>\n\t\t\t\t<\/h3>\n\t\t\t\t\t\t\t<\/div>\n\t\t<\/div>\n\t\t\t\t<\/div>\n\t\t\t\t<\/div>\n\t\t\t\t<div class=\"elementor-element elementor-element-5e7bb4aa elementor-widget elementor-widget-heading\" data-id=\"5e7bb4aa\" data-element_type=\"widget\" data-widget_type=\"heading.default\">\n\t\t\t\t<div class=\"elementor-widget-container\">\n\t\t\t<p class=\"elementor-heading-title elementor-size-large\"><a href=\"https:\/\/goo.gl\/maps\/GxM4UiCuGq8MQMvZA\" target=\"_blank\">4800 ave du Parc,<br\/>\nMontreal, QC, H2V 4E6\n<\/a><\/p>\t\t<\/div>\n\t\t\t\t<\/div>\n\t\t\t\t\t\t<\/div>\n\t\t\t\t\t<\/div>\n\t\t<\/div>\n\t\t\t\t<div class=\"elementor-column elementor-col-33 elementor-top-column elementor-element elementor-element-212510b elementor-invisible\" data-id=\"212510b\" data-element_type=\"column\" data-settings=\"{&quot;animation&quot;:&quot;fadeIn&quot;}\">\n\t\t\t<div class=\"elementor-column-wrap elementor-element-populated\">\n\t\t\t\t\t\t\t<div class=\"elementor-widget-wrap\">\n\t\t\t\t\t\t<div class=\"elementor-element elementor-element-7e8a760f elementor-view-default elementor-position-top elementor-vertical-align-top elementor-widget elementor-widget-icon-box\" data-id=\"7e8a760f\" data-element_type=\"widget\" data-widget_type=\"icon-box.default\">\n\t\t\t\t<div class=\"elementor-widget-container\">\n\t\t\t\t\t<div class=\"elementor-icon-box-wrapper\">\n\t\t\t\t\t\t<div class=\"elementor-icon-box-icon\">\n\t\t\t\t<a class=\"elementor-icon elementor-animation-\" href=\"tel:5142713555\">\n\t\t\t\t<i aria-hidden=\"true\" class=\"fas fa-phone\"><\/i>\t\t\t\t<\/a>\n\t\t\t<\/div>\n\t\t\t\t\t\t<div class=\"elementor-icon-box-content\">\n\t\t\t\t<h3 class=\"elementor-icon-box-title\">\n\t\t\t\t\t<a href=\"tel:5142713555\" >\n\t\t\t\t\t\tAPPELEZ-NOUS\t\t\t\t\t<\/a>\n\t\t\t\t<\/h3>\n\t\t\t\t\t\t\t<\/div>\n\t\t<\/div>\n\t\t\t\t<\/div>\n\t\t\t\t<\/div>\n\t\t\t\t<div class=\"elementor-element elementor-element-7bfc962a elementor-widget elementor-widget-heading\" data-id=\"7bfc962a\" data-element_type=\"widget\" data-widget_type=\"heading.default\">\n\t\t\t\t<div class=\"elementor-widget-container\">\n\t\t\t<p class=\"elementor-heading-title elementor-size-large\"><a href=\"tel:5142713555\">514.271.3555<\/a><\/p>\t\t<\/div>\n\t\t\t\t<\/div>\n\t\t\t\t\t\t<\/div>\n\t\t\t\t\t<\/div>\n\t\t<\/div>\n\t\t\t\t<div class=\"elementor-column elementor-col-33 elementor-top-column elementor-element elementor-element-6487c34e elementor-invisible\" data-id=\"6487c34e\" data-element_type=\"column\" data-settings=\"{&quot;animation&quot;:&quot;fadeIn&quot;}\">\n\t\t\t<div class=\"elementor-column-wrap elementor-element-populated\">\n\t\t\t\t\t\t\t<div class=\"elementor-widget-wrap\">\n\t\t\t\t\t\t<div class=\"elementor-element elementor-element-128d7ade elementor-view-default elementor-position-top elementor-vertical-align-top elementor-widget elementor-widget-icon-box\" data-id=\"128d7ade\" data-element_type=\"widget\" data-widget_type=\"icon-box.default\">\n\t\t\t\t<div class=\"elementor-widget-container\">\n\t\t\t\t\t<div class=\"elementor-icon-box-wrapper\">\n\t\t\t\t\t\t<div class=\"elementor-icon-box-icon\">\n\t\t\t\t<a class=\"elementor-icon elementor-animation-\" href=\"mailto:info@tapislalonde.com\">\n\t\t\t\t<i aria-hidden=\"true\" class=\"far fa-envelope-open\"><\/i>\t\t\t\t<\/a>\n\t\t\t<\/div>\n\t\t\t\t\t\t<div class=\"elementor-icon-box-content\">\n\t\t\t\t<h3 class=\"elementor-icon-box-title\">\n\t\t\t\t\t<a href=\"mailto:info@tapislalonde.com\" >\n\t\t\t\t\t\tContactez-nous\t\t\t\t\t<\/a>\n\t\t\t\t<\/h3>\n\t\t\t\t\t\t\t<\/div>\n\t\t<\/div>\n\t\t\t\t<\/div>\n\t\t\t\t<\/div>\n\t\t\t\t<div class=\"elementor-element elementor-element-5c8642c9 elementor-widget elementor-widget-heading\" data-id=\"5c8642c9\" data-element_type=\"widget\" data-widget_type=\"heading.default\">\n\t\t\t\t<div class=\"elementor-widget-container\">\n\t\t\t<p class=\"elementor-heading-title elementor-size-large\"><a href=\"mailto:info@tapislalonde.com\">info@tapislalonde.com<\/a><\/p>\t\t<\/div>\n\t\t\t\t<\/div>\n\t\t\t\t\t\t<\/div>\n\t\t\t\t\t<\/div>\n\t\t<\/div>\n\t\t\t\t\t\t\t\t<\/div>\n\t\t\t\t\t<\/div>\n\t\t<\/section>\n\t\t\t\t<section class=\"elementor-section elementor-top-section elementor-element elementor-element-83a01b6 elementor-section-full_width elementor-section-height-default elementor-section-height-default\" data-id=\"83a01b6\" data-element_type=\"section\">\n\t\t\t\t\t\t<div class=\"elementor-container elementor-column-gap-default\">\n\t\t\t\t\t\t\t<div class=\"elementor-row\">\n\t\t\t\t\t<div class=\"elementor-column elementor-col-100 elementor-top-column elementor-element elementor-element-d45e2fc\" data-id=\"d45e2fc\" data-element_type=\"column\">\n\t\t\t<div class=\"elementor-column-wrap elementor-element-populated\">\n\t\t\t\t\t\t\t<div class=\"elementor-widget-wrap\">\n\t\t\t\t\t\t<div class=\"elementor-element elementor-element-51d1320 elementor-widget elementor-widget-html\" data-id=\"51d1320\" data-element_type=\"widget\" data-widget_type=\"html.default\">\n\t\t\t\t<div class=\"elementor-widget-container\">\n\t\t\t\n            <div \n                class=\"elfsight-widget-instagram-feed elfsight-widget\" \n                data-elfsight-instagram-feed-options=\"%7B%22sourceType%22%3Anull%2C%22apiChangesMessage%22%3Anull%2C%22apiDeprecatedMessage%22%3Anull%2C%22source%22%3A%5B%22%40tapislalonde%22%5D%2C%22personalAccessToken%22%3A%22%22%2C%22businessAccessToken%22%3A%22%22%2C%22businessAccount%22%3A%22%22%2C%22businessHashtag%22%3A%22%23eiffeltower%22%2C%22filterOnly%22%3A%5B%5D%2C%22filterExcept%22%3A%5B%5D%2C%22limit%22%3A0%2C%22order%22%3A%22date%22%2C%22layout%22%3A%22slider%22%2C%22postTemplate%22%3A%22tile%22%2C%22columns%22%3A6%2C%22rows%22%3A2%2C%22gutter%22%3A0%2C%22responsive%22%3A%5B%7B%22minWidth%22%3A375%2C%22columns%22%3A1%2C%22rows%22%3A1%2C%22gutter%22%3A%220%22%7D%2C%7B%22minWidth%22%3A768%2C%22columns%22%3A3%2C%22rows%22%3A2%2C%22gutter%22%3A%220%22%7D%5D%2C%22width%22%3A%22auto%22%2C%22callToActionButtons%22%3A%5B%7B%22postUrl%22%3A%22https%3A%5C%2F%5C%2Fwww.instagram.com%5C%2Fp%5C%2FBmr7eH0nyxQ%5C%2F%22%2C%22buttonLabel%22%3A%22Install%20Instagram%20Feed%20now%22%2C%22buttonLink%22%3A%22https%3A%5C%2F%5C%2Felfsight.com%5C%2Finstagram-feed-instashow%5C%2F%22%7D%2C%7B%22postUrl%22%3A%22https%3A%5C%2F%5C%2Fwww.instagram.com%5C%2Fp%5C%2FBmgZy5FnnQB%5C%2F%22%2C%22buttonLabel%22%3A%22Install%20Instagram%20Feed%20now%22%2C%22buttonLink%22%3A%22https%3A%5C%2F%5C%2Felfsight.com%5C%2Finstagram-feed-instashow%5C%2F%22%7D%2C%7B%22postUrl%22%3A%22https%3A%5C%2F%5C%2Fwww.instagram.com%5C%2Fp%5C%2FBmbbCfBndRU%5C%2F%22%2C%22buttonLabel%22%3A%22Install%20Instagram%20Feed%20now%22%2C%22buttonLink%22%3A%22https%3A%5C%2F%5C%2Felfsight.com%5C%2Finstagram-feed-instashow%5C%2F%22%7D%5D%2C%22postElements%22%3A%5B%22user%22%2C%22date%22%2C%22instagramLink%22%2C%22likesCount%22%2C%22commentsCount%22%2C%22share%22%2C%22text%22%5D%2C%22popupElements%22%3A%5B%22user%22%2C%22location%22%2C%22followButton%22%2C%22instagramLink%22%2C%22likesCount%22%2C%22share%22%2C%22text%22%2C%22comments%22%2C%22date%22%5D%2C%22imageClickAction%22%3A%22popup%22%2C%22sliderArrows%22%3Atrue%2C%22sliderDrag%22%3Atrue%2C%22sliderSpeed%22%3A0.59999999999999997779553950749686919152736663818359375%2C%22sliderAutoplay%22%3A%22%22%2C%22colorScheme%22%3A%22default%22%2C%22colorPostOverlayBg%22%3A%22rgba%280%2C%200%2C%200%2C%200.8%29%22%2C%22colorPostOverlayText%22%3A%22rgb%28255%2C%20255%2C%20255%29%22%2C%22colorPostBg%22%3A%22rgb%28255%2C%20255%2C%20255%29%22%2C%22colorPostText%22%3A%22rgb%280%2C%200%2C%200%29%22%2C%22colorPostLinks%22%3A%22rgb%280%2C%2053%2C%20107%29%22%2C%22colorSliderArrows%22%3A%22rgb%28255%2C%20255%2C%20255%29%22%2C%22colorSliderArrowsBg%22%3A%22rgba%280%2C%200%2C%200%2C%200.9%29%22%2C%22colorGridLoadMoreButton%22%3A%22rgb%2856%2C%20151%2C%20240%29%22%2C%22colorPopupOverlay%22%3A%22rgba%2843%2C%2043%2C%2043%2C%200.9%29%22%2C%22colorPopupBg%22%3A%22rgb%28255%2C%20255%2C%20255%29%22%2C%22colorPopupText%22%3A%22rgb%280%2C%200%2C%200%29%22%2C%22colorPopupLinks%22%3A%22rgb%280%2C%2053%2C%20105%29%22%2C%22colorPopupFollowButton%22%3A%22rgb%2856%2C%20151%2C%20240%29%22%2C%22colorPopupCtaButton%22%3A%22rgb%2856%2C%20151%2C%20240%29%22%2C%22widgetTitle%22%3A%22%22%2C%22lang%22%3A%22en%22%2C%22apiUrl%22%3A%22https%3A%5C%2F%5C%2Ftapislalonde.com%5C%2Ffr%5C%2Fwp-json%5C%2Felfsight-instagram-feed%5C%2Fapi%22%2C%22apiProxyUrl%22%3A%22https%3A%5C%2F%5C%2Ftapislalonde.com%5C%2Ffr%5C%2Fwp-json%5C%2Felfsight-instagram-feed%22%2C%22widgetId%22%3A%221%22%7D\" \n                data-elfsight-instagram-feed-version=\"4.0.3\"\n                data-elfsight-widget-id=\"elfsight-instagram-feed-1\">\n            <\/div>\n            \t\t<\/div>\n\t\t\t\t<\/div>\n\t\t\t\t\t\t<\/div>\n\t\t\t\t\t<\/div>\n\t\t<\/div>\n\t\t\t\t\t\t\t\t<\/div>\n\t\t\t\t\t<\/div>\n\t\t<\/section>\n\t\t\t\t\t\t<\/div>\n\t\t\t\t\t\t<\/div>\n\t\t\t\t\t<\/div>\n\t\t","protected":false},"excerpt":{"rendered":"<p>TROUVEZ-NOUS 4800 ave du Parc, Montreal, QC, H2V 4E6 \u00a0 APPELEZ-NOUS 514.271.3555 \u00a0 Contactez-nous info@tapislalonde.com<\/p>\n","protected":false},"author":1,"featured_media":0,"parent":0,"menu_order":0,"comment_status":"closed","ping_status":"closed","template":"elementor_header_footer","meta":[],"yoast_head":"<!-- This site is optimized with the Yoast SEO plugin v17.7.1 - https:\/\/yoast.com\/wordpress\/plugins\/seo\/ -->\n<title>Contact - Tapis H. Lalonde &amp; Fr\u00e8res<\/title>\n<meta name=\"description\" content=\"Nous sommes siut\u00e9s au 4800 avenue du Parc. N&#039;h\u00e9sitez pas \u00e0 visiter notre salle de montre ouverte 7 jours (sauf durant nos heures d&#039;\u00e9t\u00e9).\" \/>\n<meta name=\"robots\" content=\"index, follow, max-snippet:-1, max-image-preview:large, max-video-preview:-1\" \/>\n<link rel=\"canonical\" href=\"https:\/\/tapislalonde.com\/fr\/contact\/\" \/>\n<meta property=\"og:locale\" content=\"fr_FR\" \/>\n<meta property=\"og:type\" content=\"article\" \/>\n<meta property=\"og:title\" content=\"Contact - Tapis H. Lalonde &amp; Fr\u00e8res\" \/>\n<meta property=\"og:description\" content=\"Nous sommes siut\u00e9s au 4800 avenue du Parc. N&#039;h\u00e9sitez pas \u00e0 visiter notre salle de montre ouverte 7 jours (sauf durant nos heures d&#039;\u00e9t\u00e9).\" \/>\n<meta property=\"og:url\" content=\"https:\/\/tapislalonde.com\/fr\/contact\/\" \/>\n<meta property=\"og:site_name\" content=\"Tapis H. Lalonde &amp; Fr\u00e8res\" \/>\n<meta property=\"article:modified_time\" content=\"2020-03-10T16:07:47+00:00\" \/>\n<meta name=\"twitter:card\" content=\"summary_large_image\" \/>\n<script type=\"application\/ld+json\" class=\"yoast-schema-graph\">{\"@context\":\"https:\/\/schema.org\",\"@graph\":[{\"@type\":\"WebSite\",\"@id\":\"https:\/\/tapislalonde.com\/#website\",\"url\":\"https:\/\/tapislalonde.com\/\",\"name\":\"Tapis H. Lalonde &amp; Fr\\u00e8res\",\"description\":\"Rugs and Carpets\",\"potentialAction\":[{\"@type\":\"SearchAction\",\"target\":{\"@type\":\"EntryPoint\",\"urlTemplate\":\"https:\/\/tapislalonde.com\/?s={search_term_string}\"},\"query-input\":\"required name=search_term_string\"}],\"inLanguage\":\"fr-FR\"},{\"@type\":\"WebPage\",\"@id\":\"https:\/\/tapislalonde.com\/fr\/contact\/#webpage\",\"url\":\"https:\/\/tapislalonde.com\/fr\/contact\/\",\"name\":\"Contact - Tapis H. Lalonde &amp; Fr\\u00e8res\",\"isPartOf\":{\"@id\":\"https:\/\/tapislalonde.com\/#website\"},\"datePublished\":\"2020-03-09T21:00:34+00:00\",\"dateModified\":\"2020-03-10T16:07:47+00:00\",\"description\":\"Nous sommes siut\\u00e9s au 4800 avenue du Parc. N'h\\u00e9sitez pas \\u00e0 visiter notre salle de montre ouverte 7 jours (sauf durant nos heures d'\\u00e9t\\u00e9).\",\"breadcrumb\":{\"@id\":\"https:\/\/tapislalonde.com\/fr\/contact\/#breadcrumb\"},\"inLanguage\":\"fr-FR\",\"potentialAction\":[{\"@type\":\"ReadAction\",\"target\":[\"https:\/\/tapislalonde.com\/fr\/contact\/\"]}]},{\"@type\":\"BreadcrumbList\",\"@id\":\"https:\/\/tapislalonde.com\/fr\/contact\/#breadcrumb\",\"itemListElement\":[{\"@type\":\"ListItem\",\"position\":1,\"name\":\"Home\",\"item\":\"https:\/\/tapislalonde.com\/\"},{\"@type\":\"ListItem\",\"position\":2,\"name\":\"Contact\"}]}]}<\/script>\n<!-- \/ Yoast SEO plugin. -->","yoast_head_json":{"title":"Contact - Tapis H. Lalonde &amp; Fr\u00e8res","description":"Nous sommes siut\u00e9s au 4800 avenue du Parc. N'h\u00e9sitez pas \u00e0 visiter notre salle de montre ouverte 7 jours (sauf durant nos heures d'\u00e9t\u00e9).","robots":{"index":"index","follow":"follow","max-snippet":"max-snippet:-1","max-image-preview":"max-image-preview:large","max-video-preview":"max-video-preview:-1"},"canonical":"https:\/\/tapislalonde.com\/fr\/contact\/","og_locale":"fr_FR","og_type":"article","og_title":"Contact - Tapis H. Lalonde &amp; Fr\u00e8res","og_description":"Nous sommes siut\u00e9s au 4800 avenue du Parc. N'h\u00e9sitez pas \u00e0 visiter notre salle de montre ouverte 7 jours (sauf durant nos heures d'\u00e9t\u00e9).","og_url":"https:\/\/tapislalonde.com\/fr\/contact\/","og_site_name":"Tapis H. Lalonde &amp; Fr\u00e8res","article_modified_time":"2020-03-10T16:07:47+00:00","twitter_card":"summary_large_image","schema":{"@context":"https:\/\/schema.org","@graph":[{"@type":"WebSite","@id":"https:\/\/tapislalonde.com\/#website","url":"https:\/\/tapislalonde.com\/","name":"Tapis H. Lalonde &amp; Fr\u00e8res","description":"Rugs and Carpets","potentialAction":[{"@type":"SearchAction","target":{"@type":"EntryPoint","urlTemplate":"https:\/\/tapislalonde.com\/?s={search_term_string}"},"query-input":"required name=search_term_string"}],"inLanguage":"fr-FR"},{"@type":"WebPage","@id":"https:\/\/tapislalonde.com\/fr\/contact\/#webpage","url":"https:\/\/tapislalonde.com\/fr\/contact\/","name":"Contact - Tapis H. Lalonde &amp; Fr\u00e8res","isPartOf":{"@id":"https:\/\/tapislalonde.com\/#website"},"datePublished":"2020-03-09T21:00:34+00:00","dateModified":"2020-03-10T16:07:47+00:00","description":"Nous sommes siut\u00e9s au 4800 avenue du Parc. N'h\u00e9sitez pas \u00e0 visiter notre salle de montre ouverte 7 jours (sauf durant nos heures d'\u00e9t\u00e9).","breadcrumb":{"@id":"https:\/\/tapislalonde.com\/fr\/contact\/#breadcrumb"},"inLanguage":"fr-FR","potentialAction":[{"@type":"ReadAction","target":["https:\/\/tapislalonde.com\/fr\/contact\/"]}]},{"@type":"BreadcrumbList","@id":"https:\/\/tapislalonde.com\/fr\/contact\/#breadcrumb","itemListElement":[{"@type":"ListItem","position":1,"name":"Home","item":"https:\/\/tapislalonde.com\/"},{"@type":"ListItem","position":2,"name":"Contact"}]}]}},"_links":{"self":[{"href":"https:\/\/tapislalonde.com\/fr\/wp-json\/wp\/v2\/pages\/463"}],"collection":[{"href":"https:\/\/tapislalonde.com\/fr\/wp-json\/wp\/v2\/pages"}],"about":[{"href":"https:\/\/tapislalonde.com\/fr\/wp-json\/wp\/v2\/types\/page"}],"author":[{"embeddable":true,"href":"https:\/\/tapislalonde.com\/fr\/wp-json\/wp\/v2\/users\/1"}],"replies":[{"embeddable":true,"href":"https:\/\/tapislalonde.com\/fr\/wp-json\/wp\/v2\/comments?post=463"}],"version-history":[{"count":3,"href":"https:\/\/tapislalonde.com\/fr\/wp-json\/wp\/v2\/pages\/463\/revisions"}],"predecessor-version":[{"id":905,"href":"https:\/\/tapislalonde.com\/fr\/wp-json\/wp\/v2\/pages\/463\/revisions\/905"}],"wp:attachment":[{"href":"https:\/\/tapislalonde.com\/fr\/wp-json\/wp\/v2\/media?parent=463"}],"curies":[{"name":"wp","href":"https:\/\/api.w.org\/{rel}","templated":true}]}}